{"id":361,"date":"2019-12-17T09:46:56","date_gmt":"2019-12-17T08:46:56","guid":{"rendered":"https:\/\/tageo.ch\/elbi-expo\/?page_id=361"},"modified":"2019-12-17T19:27:16","modified_gmt":"2019-12-17T18:27:16","slug":"2015-programm","status":"publish","type":"page","link":"https:\/\/tageo.ch\/elbi-expo\/2015-programm\/","title":{"rendered":"2015 Programm"},"content":{"rendered":"<p><div class=\"fusion-fullwidth fullwidth-box fusion-builder-row-1 fusion-parallax-none subpage_header_image nonhundred-percent-fullwidth non-hundred-percent-height-scrolling\" style=\"--awb-border-radius-top-left:0px;--awb-border-radius-top-right:0px;--awb-border-radius-bottom-right:0px;--awb-border-radius-bottom-left:0px;--awb-background-image:url(&quot;https:\/\/tageo.ch\/elbi-expo\/wp-content\/uploads\/sites\/5\/2019\/12\/subpage_header_11.jpg&quot;);--awb-background-size:cover;--awb-flex-wrap:wrap;\" ><div class=\"fusion-builder-row fusion-row\"><\/div><\/div><div class=\"fusion-fullwidth fullwidth-box fusion-builder-row-2 container_individual_bg_color nonhundred-percent-fullwidth non-hundred-percent-height-scrolling\" style=\"--awb-border-radius-top-left:0px;--awb-border-radius-top-right:0px;--awb-border-radius-bottom-right:0px;--awb-border-radius-bottom-left:0px;--awb-flex-wrap:wrap;\" ><div class=\"fusion-builder-row fusion-row\"><div class=\"fusion-layout-column fusion_builder_column fusion-builder-column-0 fusion_builder_column_1_1 1_1 fusion-one-full fusion-column-first fusion-column-last\" style=\"--awb-bg-size:cover;\"><div class=\"fusion-column-wrapper fusion-column-has-shadow fusion-flex-column-wrapper-legacy\"><div class=\"fusion-fa-align-center\"><i class=\"fb-icon-element-1 fb-icon-element fontawesome-icon fa-clipboard-list fas circle-no intro_top_icon\" style=\"--awb-iconcolor:#3a4aad;--awb-iconcolor-hover:#3a4aad;--awb-font-size:40px;\"><\/i><\/div><div class=\"fusion-text fusion-text-1\"><h1 style=\"text-align: center;\">Programm<\/h1>\n<\/div><div class=\"fusion-clearfix\"><\/div><\/div><\/div><\/div><\/div><div class=\"fusion-fullwidth fullwidth-box fusion-builder-row-3 nonhundred-percent-fullwidth non-hundred-percent-height-scrolling\" style=\"--awb-border-radius-top-left:0px;--awb-border-radius-top-right:0px;--awb-border-radius-bottom-right:0px;--awb-border-radius-bottom-left:0px;--awb-flex-wrap:wrap;\" ><div class=\"fusion-builder-row fusion-row\"><div class=\"fusion-layout-column fusion_builder_column fusion-builder-column-1 fusion_builder_column_1_1 1_1 fusion-one-full fusion-column-first fusion-column-last\" style=\"--awb-bg-size:cover;\"><div class=\"fusion-column-wrapper fusion-column-has-shadow fusion-flex-column-wrapper-legacy\"><div class=\"fusion-text fusion-text-2\"><p>10.00 Uhr: Er\u00f6ffnungsfeier mit Swiss Domino Effect und Regierungsr\u00e4tin Monika Knill<\/p>\n<p>10.30 &#8211; 17.00 Uhr: Ausstellungsbetrieb und Eventprogramm<\/p>\n<\/div><div class=\"fusion-clearfix\"><\/div><\/div><\/div><div class=\"fusion-layout-column fusion_builder_column fusion-builder-column-2 fusion_builder_column_1_2 1_2 fusion-one-half fusion-column-first\" style=\"--awb-bg-size:cover;width:50%;width:calc(50% - ( ( 4% ) * 0.5 ) );margin-right: 4%;\"><div class=\"fusion-column-wrapper fusion-column-has-shadow fusion-flex-column-wrapper-legacy\"><div class=\"fusion-text fusion-text-3\"><p><strong>Aula (Geb\u00e4ude A)<\/strong><br \/>\n10.40 &#8211; 11.00 No risk no fun<br \/>\n11.15 &#8211; 12.15 Born to be wild- was brauchen Kinder?<br \/>\n13.00 &#8211; 13.30 Der feine Unterschied<br \/>\n14.00 &#8211; 14.45 Wer erzieht mein Kind?<br \/>\n15.00 &#8211; 15.45 Zhvillimi gjuh\u00ebsor i f\u00ebmij\u00ebve n\u00eb familje<br \/>\n15.55 &#8211; 16.25 Ne jemi t\u00eb vegjel, ne jemi f\u00ebmij\u00eb<\/p>\n<\/div><div class=\"fusion-clearfix\"><\/div><\/div><\/div><div class=\"fusion-layout-column fusion_builder_column fusion-builder-column-3 fusion_builder_column_1_2 1_2 fusion-one-half fusion-column-last\" style=\"--awb-bg-size:cover;width:50%;width:calc(50% - ( ( 4% ) * 0.5 ) );\"><div class=\"fusion-column-wrapper fusion-column-has-shadow fusion-flex-column-wrapper-legacy\"><div class=\"fusion-text fusion-text-4\"><p><strong>Auditorium (Geb\u00e4ude A)<\/strong><br \/>\n10.40 &#8211; 11.00 greifen und begreifen<br \/>\n13.00 &#8211; 13.20 Erfolgreiche Lerntechniken<br \/>\n13.30 &#8211; 13.50 Mit Kindern reden<br \/>\n15.30 &#8211; 15.50 Medienkompetenz macht Schule<br \/>\n16.00 &#8211; 16.20 STEP Elterntraining<\/p>\n<\/div><div class=\"fusion-clearfix\"><\/div><\/div><\/div><div class=\"fusion-layout-column fusion_builder_column fusion-builder-column-4 fusion_builder_column_1_2 1_2 fusion-one-half fusion-column-first\" style=\"--awb-bg-size:cover;width:50%;width:calc(50% - ( ( 4% ) * 0.5 ) );margin-right: 4%;\"><div class=\"fusion-column-wrapper fusion-column-has-shadow fusion-flex-column-wrapper-legacy\"><div class=\"fusion-text fusion-text-5\"><p><strong>Schulzimmer (Geb\u00e4ude E)<\/strong><br \/>\n10.40 &#8211; 11.00 Es war einmal &#8230;<br \/>\n11.15 &#8211; 12.15 stageapple<br \/>\n13.00 &#8211; 13.20 Zwergensprache<br \/>\n13.30 &#8211; 13.50 Oma, Opa spielt mit mir!<br \/>\n16.00 &#8211; 16.30 Buchstart live<\/p>\n<\/div><div class=\"fusion-clearfix\"><\/div><\/div><\/div><div class=\"fusion-layout-column fusion_builder_column fusion-builder-column-5 fusion_builder_column_1_2 1_2 fusion-one-half fusion-column-last\" style=\"--awb-bg-size:cover;width:50%;width:calc(50% - ( ( 4% ) * 0.5 ) );\"><div class=\"fusion-column-wrapper fusion-column-has-shadow fusion-flex-column-wrapper-legacy\"><div class=\"fusion-text fusion-text-6\"><p><strong>B\u00fchne (zwischen Geb\u00e4ude A und E)<\/strong><br \/>\n10.45 &#8211; 11.00 fitdankbaby\u00ae<br \/>\n12.30 &#8211; 12.45 fitdankbaby\u00ae<br \/>\n13.00 &#8211; 13.20 Albanisches Tanzensemble<br \/>\n13.30 &#8211; 13.50 Theater aus dem Nichts<br \/>\n15.00 &#8211; 16.00 Wele Huet isch guet<\/p>\n<\/div><div class=\"fusion-clearfix\"><\/div><\/div><\/div><div class=\"fusion-layout-column fusion_builder_column fusion-builder-column-6 fusion_builder_column_1_1 1_1 fusion-one-full fusion-column-first fusion-column-last\" style=\"--awb-bg-size:cover;\"><div class=\"fusion-column-wrapper fusion-column-has-shadow fusion-flex-column-wrapper-legacy\"><div class=\"fusion-text fusion-text-7\"><p>16.45 Uhr: Ballonstart im Freien<\/p>\n<\/div><div class=\"fusion-clearfix\"><\/div><\/div><\/div><\/div><\/div><\/p>\n","protected":false},"excerpt":{"rendered":"","protected":false},"author":1,"featured_media":0,"parent":0,"menu_order":0,"comment_status":"closed","ping_status":"closed","template":"100-width.php","meta":{"footnotes":""},"class_list":["post-361","page","type-page","status-publish","hentry"],"yoast_head":"<!-- This site is optimized with the Yoast SEO plugin v25.8 - https:\/\/yoast.com\/wordpress\/plugins\/seo\/ -->\n<title>2015 Programm - ELBI-EXPO<\/title>\n<meta name=\"robots\" content=\"index, follow, max-snippet:-1, max-image-preview:large, max-video-preview:-1\" \/>\n<link rel=\"canonical\" href=\"https:\/\/tageo.ch\/elbi-expo\/2015-programm\/\" \/>\n<meta property=\"og:locale\" content=\"de_DE\" \/>\n<meta property=\"og:type\" content=\"article\" \/>\n<meta property=\"og:title\" content=\"2015 Programm - ELBI-EXPO\" \/>\n<meta property=\"og:url\" content=\"https:\/\/tageo.ch\/elbi-expo\/2015-programm\/\" \/>\n<meta property=\"og:site_name\" content=\"ELBI-EXPO\" \/>\n<meta property=\"article:modified_time\" content=\"2019-12-17T18:27:16+00:00\" \/>\n<meta name=\"twitter:card\" content=\"summary_large_image\" \/>\n<meta name=\"twitter:label1\" content=\"Gesch\u00e4tzte Lesezeit\" \/>\n\t<meta name=\"twitter:data1\" content=\"9\u00a0Minuten\" \/>\n<script type=\"application\/ld+json\" class=\"yoast-schema-graph\">{\"@context\":\"https:\/\/schema.org\",\"@graph\":[{\"@type\":\"WebPage\",\"@id\":\"https:\/\/tageo.ch\/elbi-expo\/2015-programm\/\",\"url\":\"https:\/\/tageo.ch\/elbi-expo\/2015-programm\/\",\"name\":\"2015 Programm - ELBI-EXPO\",\"isPartOf\":{\"@id\":\"https:\/\/tageo.ch\/elbi-expo\/#website\"},\"datePublished\":\"2019-12-17T08:46:56+00:00\",\"dateModified\":\"2019-12-17T18:27:16+00:00\",\"breadcrumb\":{\"@id\":\"https:\/\/tageo.ch\/elbi-expo\/2015-programm\/#breadcrumb\"},\"inLanguage\":\"de\",\"potentialAction\":[{\"@type\":\"ReadAction\",\"target\":[\"https:\/\/tageo.ch\/elbi-expo\/2015-programm\/\"]}]},{\"@type\":\"BreadcrumbList\",\"@id\":\"https:\/\/tageo.ch\/elbi-expo\/2015-programm\/#breadcrumb\",\"itemListElement\":[{\"@type\":\"ListItem\",\"position\":1,\"name\":\"Startseite\",\"item\":\"https:\/\/tageo.ch\/elbi-expo\/\"},{\"@type\":\"ListItem\",\"position\":2,\"name\":\"2015 Programm\"}]},{\"@type\":\"WebSite\",\"@id\":\"https:\/\/tageo.ch\/elbi-expo\/#website\",\"url\":\"https:\/\/tageo.ch\/elbi-expo\/\",\"name\":\"ELBI-EXPO\",\"description\":\"Erlebnis- &amp; Bildungsmesse f\u00fcr die ganze Familie\",\"potentialAction\":[{\"@type\":\"SearchAction\",\"target\":{\"@type\":\"EntryPoint\",\"urlTemplate\":\"https:\/\/tageo.ch\/elbi-expo\/?s={search_term_string}\"},\"query-input\":{\"@type\":\"PropertyValueSpecification\",\"valueRequired\":true,\"valueName\":\"search_term_string\"}}],\"inLanguage\":\"de\"}]}<\/script>\n<!-- \/ Yoast SEO plugin. -->","yoast_head_json":{"title":"2015 Programm - ELBI-EXPO","robots":{"index":"index","follow":"follow","max-snippet":"max-snippet:-1","max-image-preview":"max-image-preview:large","max-video-preview":"max-video-preview:-1"},"canonical":"https:\/\/tageo.ch\/elbi-expo\/2015-programm\/","og_locale":"de_DE","og_type":"article","og_title":"2015 Programm - ELBI-EXPO","og_url":"https:\/\/tageo.ch\/elbi-expo\/2015-programm\/","og_site_name":"ELBI-EXPO","article_modified_time":"2019-12-17T18:27:16+00:00","twitter_card":"summary_large_image","twitter_misc":{"Gesch\u00e4tzte Lesezeit":"9\u00a0Minuten"},"schema":{"@context":"https:\/\/schema.org","@graph":[{"@type":"WebPage","@id":"https:\/\/tageo.ch\/elbi-expo\/2015-programm\/","url":"https:\/\/tageo.ch\/elbi-expo\/2015-programm\/","name":"2015 Programm - ELBI-EXPO","isPartOf":{"@id":"https:\/\/tageo.ch\/elbi-expo\/#website"},"datePublished":"2019-12-17T08:46:56+00:00","dateModified":"2019-12-17T18:27:16+00:00","breadcrumb":{"@id":"https:\/\/tageo.ch\/elbi-expo\/2015-programm\/#breadcrumb"},"inLanguage":"de","potentialAction":[{"@type":"ReadAction","target":["https:\/\/tageo.ch\/elbi-expo\/2015-programm\/"]}]},{"@type":"BreadcrumbList","@id":"https:\/\/tageo.ch\/elbi-expo\/2015-programm\/#breadcrumb","itemListElement":[{"@type":"ListItem","position":1,"name":"Startseite","item":"https:\/\/tageo.ch\/elbi-expo\/"},{"@type":"ListItem","position":2,"name":"2015 Programm"}]},{"@type":"WebSite","@id":"https:\/\/tageo.ch\/elbi-expo\/#website","url":"https:\/\/tageo.ch\/elbi-expo\/","name":"ELBI-EXPO","description":"Erlebnis- &amp; Bildungsmesse f\u00fcr die ganze Familie","potentialAction":[{"@type":"SearchAction","target":{"@type":"EntryPoint","urlTemplate":"https:\/\/tageo.ch\/elbi-expo\/?s={search_term_string}"},"query-input":{"@type":"PropertyValueSpecification","valueRequired":true,"valueName":"search_term_string"}}],"inLanguage":"de"}]}},"_links":{"self":[{"href":"https:\/\/tageo.ch\/elbi-expo\/wp-json\/wp\/v2\/pages\/361","targetHints":{"allow":["GET"]}}],"collection":[{"href":"https:\/\/tageo.ch\/elbi-expo\/wp-json\/wp\/v2\/pages"}],"about":[{"href":"https:\/\/tageo.ch\/elbi-expo\/wp-json\/wp\/v2\/types\/page"}],"author":[{"embeddable":true,"href":"https:\/\/tageo.ch\/elbi-expo\/wp-json\/wp\/v2\/users\/1"}],"replies":[{"embeddable":true,"href":"https:\/\/tageo.ch\/elbi-expo\/wp-json\/wp\/v2\/comments?post=361"}],"version-history":[{"count":4,"href":"https:\/\/tageo.ch\/elbi-expo\/wp-json\/wp\/v2\/pages\/361\/revisions"}],"predecessor-version":[{"id":641,"href":"https:\/\/tageo.ch\/elbi-expo\/wp-json\/wp\/v2\/pages\/361\/revisions\/641"}],"wp:attachment":[{"href":"https:\/\/tageo.ch\/elbi-expo\/wp-json\/wp\/v2\/media?parent=361"}],"curies":[{"name":"wp","href":"https:\/\/api.w.org\/{rel}","templated":true}]}}