{"id":116,"date":"2019-10-07T16:45:22","date_gmt":"2019-10-07T14:45:22","guid":{"rendered":"https:\/\/tageo.ch\/eltern-bildung\/?page_id=116"},"modified":"2024-06-19T08:50:49","modified_gmt":"2024-06-19T06:50:49","slug":"elternbildungskalender","status":"publish","type":"page","link":"https:\/\/tageo.ch\/eltern-bildung\/elternbildungskalender\/","title":{"rendered":"Elternbildungskalender"},"content":{"rendered":"<p><div class=\"fusion-fullwidth fullwidth-box fusion-builder-row-1 fusion-parallax-none subpage_header_image nonhundred-percent-fullwidth non-hundred-percent-height-scrolling\" style=\"--awb-border-radius-top-left:0px;--awb-border-radius-top-right:0px;--awb-border-radius-bottom-right:0px;--awb-border-radius-bottom-left:0px;--awb-background-image:url(&quot;https:\/\/tageo.ch\/eltern-bildung\/wp-content\/uploads\/sites\/4\/2019\/10\/tageo_subpage_header_1.jpg&quot;);--awb-background-size:cover;--awb-flex-wrap:wrap;\" ><div class=\"fusion-builder-row fusion-row\"><\/div><\/div><div class=\"fusion-fullwidth fullwidth-box fusion-builder-row-2 container_individual_bg_color nonhundred-percent-fullwidth non-hundred-percent-height-scrolling\" style=\"--awb-border-radius-top-left:0px;--awb-border-radius-top-right:0px;--awb-border-radius-bottom-right:0px;--awb-border-radius-bottom-left:0px;--awb-flex-wrap:wrap;\" ><div class=\"fusion-builder-row fusion-row\"><div class=\"fusion-layout-column fusion_builder_column fusion-builder-column-0 fusion_builder_column_1_1 1_1 fusion-one-full fusion-column-first fusion-column-last\" style=\"--awb-bg-size:cover;\"><div class=\"fusion-column-wrapper fusion-column-has-shadow fusion-flex-column-wrapper-legacy\"><div class=\"fusion-fa-align-center\"><i class=\"fb-icon-element-1 fb-icon-element fontawesome-icon fa-users fas circle-no intro_top_icon\" style=\"--awb-iconcolor:#f39200;--awb-iconcolor-hover:#f39200;--awb-font-size:40px;\"><\/i><\/div><div class=\"fusion-text fusion-text-1\"><h1 style=\"text-align: center;\">Elternbildungskalender<\/h1>\n<\/div><div class=\"fusion-clearfix\"><\/div><\/div><\/div><\/div><\/div><div class=\"fusion-fullwidth fullwidth-box fusion-builder-row-3 nonhundred-percent-fullwidth non-hundred-percent-height-scrolling\" style=\"--awb-border-radius-top-left:0px;--awb-border-radius-top-right:0px;--awb-border-radius-bottom-right:0px;--awb-border-radius-bottom-left:0px;--awb-flex-wrap:wrap;\" ><div class=\"fusion-builder-row fusion-row\"><div class=\"fusion-layout-column fusion_builder_column fusion-builder-column-1 fusion_builder_column_1_1 1_1 fusion-one-full fusion-column-first fusion-column-last\" style=\"--awb-bg-size:cover;\"><div class=\"fusion-column-wrapper fusion-column-has-shadow fusion-flex-column-wrapper-legacy\"><div class=\"fusion-fa-align-left\"><i class=\"fb-icon-element-2 fb-icon-element fontawesome-icon fa-newspaper far circle-no title_icon\" style=\"--awb-iconcolor:#F39200;--awb-iconcolor-hover:#F39200;--awb-font-size:35px;--awb-margin-right:17.5px;\"><\/i><\/div><div class=\"fusion-text fusion-text-2\"><h2>Aktuelle Ausgabe<\/h2>\n<\/div><div class=\"fusion-clearfix\"><\/div><\/div><\/div><div class=\"fusion-layout-column fusion_builder_column fusion-builder-column-2 fusion_builder_column_1_2 1_2 fusion-one-half fusion-column-first\" style=\"--awb-bg-size:cover;width:50%;width:calc(50% - ( ( 4% ) * 0.5 ) );margin-right: 4%;\"><div class=\"fusion-column-wrapper fusion-column-has-shadow fusion-flex-column-wrapper-legacy\"><div class=\"fusion-text fusion-text-3\" style=\"--awb-text-transform:none;\"><h3>Elternbildungskalender<\/h3>\n<p>Aktuelle Ausgabe M\u00e4rz \u2013 August 2022<\/p>\n<p>Unser Veranstaltungskalender unterst\u00fctzt Elternorganisationen dabei, Eltern regional und \u00fcberregional \u00fcber ihre Aktivit\u00e4ten zu informieren und hilft Eltern, die f\u00fcr sie sinnvollen Angebote zu finden.<\/p>\n<\/div><div class=\"fusion-align-block\"><a class=\"fusion-button button-flat fusion-button-default-size button-default fusion-button-default button-1 fusion-button-default-span fusion-button-default-type\" style=\"width:calc(100%);\" target=\"_blank\" rel=\"noopener noreferrer\" href=\"https:\/\/tageo.ch\/eltern-bildung\/wp-content\/uploads\/sites\/4\/2022\/02\/Elternbildungskalender-Nr.-33.pdf\"><span class=\"fusion-button-text awb-button__text awb-button__text--default\">Download<\/span><\/a><\/div><div class=\"fusion-clearfix\"><\/div><\/div><\/div><div class=\"fusion-layout-column fusion_builder_column fusion-builder-column-3 fusion_builder_column_1_2 1_2 fusion-one-half fusion-column-last\" style=\"--awb-bg-size:cover;width:50%;width:calc(50% - ( ( 4% ) * 0.5 ) );\"><div class=\"fusion-column-wrapper fusion-column-has-shadow fusion-flex-column-wrapper-legacy\"><div class=\"fusion-image-element in-legacy-container\" style=\"--awb-caption-title-font-family:var(--h2_typography-font-family);--awb-caption-title-font-weight:var(--h2_typography-font-weight);--awb-caption-title-font-style:var(--h2_typography-font-style);--awb-caption-title-size:var(--h2_typography-font-size);--awb-caption-title-transform:var(--h2_typography-text-transform);--awb-caption-title-line-height:var(--h2_typography-line-height);--awb-caption-title-letter-spacing:var(--h2_typography-letter-spacing);\"><span class=\" fusion-imageframe imageframe-none imageframe-1 hover-type-none\"><img decoding=\"async\" width=\"300\" height=\"211\" title=\"Elternbildungskalender Titelbild_web\" src=\"https:\/\/tageo.ch\/eltern-bildung\/wp-content\/uploads\/sites\/4\/2022\/02\/Elternbildungskalender-Titelbild_web-300x211.jpg\" alt class=\"img-responsive wp-image-2470\" srcset=\"https:\/\/tageo.ch\/eltern-bildung\/wp-content\/uploads\/sites\/4\/2022\/02\/Elternbildungskalender-Titelbild_web-200x141.jpg 200w, https:\/\/tageo.ch\/eltern-bildung\/wp-content\/uploads\/sites\/4\/2022\/02\/Elternbildungskalender-Titelbild_web-400x282.jpg 400w, https:\/\/tageo.ch\/eltern-bildung\/wp-content\/uploads\/sites\/4\/2022\/02\/Elternbildungskalender-Titelbild_web-600x423.jpg 600w, https:\/\/tageo.ch\/eltern-bildung\/wp-content\/uploads\/sites\/4\/2022\/02\/Elternbildungskalender-Titelbild_web.jpg 781w\" sizes=\"(max-width: 800px) 100vw, 400px\" \/><\/span><\/div><div class=\"fusion-clearfix\"><\/div><\/div><\/div><\/div><\/div>\n<div class=\"fusion-fullwidth fullwidth-box fusion-builder-row-4 container_individual_bg_color nonhundred-percent-fullwidth non-hundred-percent-height-scrolling\" style=\"--awb-border-radius-top-left:0px;--awb-border-radius-top-right:0px;--awb-border-radius-bottom-right:0px;--awb-border-radius-bottom-left:0px;--awb-flex-wrap:wrap;\" ><div class=\"fusion-builder-row fusion-row\"><div class=\"fusion-layout-column fusion_builder_column fusion-builder-column-4 fusion_builder_column_1_1 1_1 fusion-one-full fusion-column-first fusion-column-last\" style=\"--awb-bg-size:cover;\"><div class=\"fusion-column-wrapper fusion-column-has-shadow fusion-flex-column-wrapper-legacy\"><div class=\"fusion-blog-shortcode fusion-blog-shortcode-1 fusion-blog-archive fusion-blog-layout-grid-wrapper fusion-blog-no fusion-blog-no-images fusion-blog-layout-center\"><style type=\"text\/css\">.fusion-blog-shortcode-1 .fusion-blog-layout-grid .fusion-post-grid{padding:20px;}.fusion-blog-shortcode-1 .fusion-posts-container{margin-left: -20px !important; margin-right:-20px !important;}<\/style><div class=\"fusion-posts-container fusion-posts-container-no fusion-no-meta-info fusion-blog-layout-grid fusion-blog-layout-grid-3 isotope fusion-blog-equal-heights\" data-pages=\"0\" data-grid-col-space=\"40\" style=\"margin: -20px -20px 0;min-height:500px;\"><article id=\"blog-1-post-2479\" class=\"fusion-post-grid post-2479 post type-post status-publish format-standard hentry category-elternbildungskalender\">\n<div class=\"fusion-post-wrapper\" style=\"background-color:rgba(255,255,255,1);border:1px solid #ebeaea;border-bottom-width:3px;\"><div class=\"fusion-post-content-wrapper\" style=\"padding:30px 25px 20px 25px;\"><div class=\"fusion-post-content post-content\"><h2 class=\"blog-shortcode-post-title entry-title\">K32<\/h2><div class=\"fusion-post-content-container\"><div class=\"fusion-fullwidth fullwidth-box fusion-builder-row-4-1 nonhundred-percent-fullwidth non-hundred-percent-height-scrolling\" style=\"--awb-border-radius-top-left:0px;--awb-border-radius-top-right:0px;--awb-border-radius-bottom-right:0px;--awb-border-radius-bottom-left:0px;--awb-flex-wrap:wrap;\" ><div class=\"fusion-builder-row fusion-row\"><div class=\"fusion-layout-column fusion_builder_column fusion-builder-column-5 fusion_builder_column_1_1 1_1 fusion-one-full fusion-column-first fusion-column-last\" style=\"--awb-bg-size:cover;\"><div class=\"fusion-column-wrapper fusion-column-has-shadow fusion-flex-column-wrapper-legacy\"><div class=\"fusion-text fusion-text-4\" style=\"--awb-text-transform:none;\"><p style=\"text-align: center;\">Veranstaltungen von September 2021 bis Februar 2022 als PDF<\/p>\n<\/div><div class=\"fusion-text fusion-text-5\" style=\"--awb-text-transform:none;\"><p style=\"text-align: center;\"><a href=\"https:\/\/tageo.ch\/eltern-bildung\/wp-content\/uploads\/sites\/4\/2022\/02\/Elternbildungskalender-Nr.-32.pdf\" target=\"_blank\" rel=\"noopener noreferrer\">Lesen<\/a><\/p>\n<\/div><div class=\"fusion-clearfix\"><\/div><\/div><\/div><\/div><\/div>\n<\/div><\/div><\/div><div class=\"fusion-clearfix\"><\/div><\/div>\n<\/article>\n<article id=\"blog-1-post-2034\" class=\"fusion-post-grid post-2034 post type-post status-publish format-standard hentry category-elternbildungskalender\">\n<div class=\"fusion-post-wrapper\" style=\"background-color:rgba(255,255,255,1);border:1px solid #ebeaea;border-bottom-width:3px;\"><div class=\"fusion-post-content-wrapper\" style=\"padding:30px 25px 20px 25px;\"><div class=\"fusion-post-content post-content\"><h2 class=\"blog-shortcode-post-title entry-title\">K31<\/h2><div class=\"fusion-post-content-container\"><div class=\"fusion-fullwidth fullwidth-box fusion-builder-row-4-2 nonhundred-percent-fullwidth non-hundred-percent-height-scrolling\" style=\"--awb-border-radius-top-left:0px;--awb-border-radius-top-right:0px;--awb-border-radius-bottom-right:0px;--awb-border-radius-bottom-left:0px;--awb-flex-wrap:wrap;\" ><div class=\"fusion-builder-row fusion-row\"><div class=\"fusion-layout-column fusion_builder_column fusion-builder-column-6 fusion_builder_column_1_1 1_1 fusion-one-full fusion-column-first fusion-column-last\" style=\"--awb-bg-size:cover;\"><div class=\"fusion-column-wrapper fusion-column-has-shadow fusion-flex-column-wrapper-legacy\"><div class=\"fusion-text fusion-text-6\"><p style=\"text-align: center;\">Veranstaltungen von Februar bis August 2021 als PDF<\/p>\n<\/div><div class=\"fusion-text fusion-text-7\"><p style=\"text-align: center;\"><a href=\"https:\/\/tageo.ch\/wp-content\/uploads\/2021\/02\/EBVK-Nr.-31_finale-Version-web.pdf\" target=\"_blank\" rel=\"noopener noreferrer\">Lesen<\/a><\/p>\n<\/div><div class=\"fusion-clearfix\"><\/div><\/div><\/div><\/div><\/div>\n<\/div><\/div><\/div><div class=\"fusion-clearfix\"><\/div><\/div>\n<\/article>\n<article id=\"blog-1-post-1684\" class=\"fusion-post-grid post-1684 post type-post status-publish format-standard hentry category-elternbildungskalender\">\n<div class=\"fusion-post-wrapper\" style=\"background-color:rgba(255,255,255,1);border:1px solid #ebeaea;border-bottom-width:3px;\"><div class=\"fusion-post-content-wrapper\" style=\"padding:30px 25px 20px 25px;\"><div class=\"fusion-post-content post-content\"><h2 class=\"blog-shortcode-post-title entry-title\">K30<\/h2><div class=\"fusion-post-content-container\"><div class=\"fusion-fullwidth fullwidth-box fusion-builder-row-4-3 nonhundred-percent-fullwidth non-hundred-percent-height-scrolling\" style=\"--awb-border-radius-top-left:0px;--awb-border-radius-top-right:0px;--awb-border-radius-bottom-right:0px;--awb-border-radius-bottom-left:0px;--awb-flex-wrap:wrap;\" ><div class=\"fusion-builder-row fusion-row\"><div class=\"fusion-layout-column fusion_builder_column fusion-builder-column-7 fusion_builder_column_1_1 1_1 fusion-one-full fusion-column-first fusion-column-last\" style=\"--awb-bg-size:cover;\"><div class=\"fusion-column-wrapper fusion-column-has-shadow fusion-flex-column-wrapper-legacy\"><div class=\"fusion-text fusion-text-8\"><p style=\"text-align: center;\">Veranstaltungen von September 2020 bis Februar 2021 als PDF<\/p>\n<\/div><div class=\"fusion-text fusion-text-9\"><p style=\"text-align: center;\"><a href=\"https:\/\/tageo.ch\/eltern-bildung\/wp-content\/uploads\/sites\/4\/2020\/08\/Elternbildungskalender-Nr.-30.pdf\">Lesen<\/a><\/p>\n<\/div><div class=\"fusion-clearfix\"><\/div><\/div><\/div><\/div><\/div>\n<\/div><\/div><\/div><div class=\"fusion-clearfix\"><\/div><\/div>\n<\/article>\n<div class=\"fusion-clearfix\"><\/div><\/div><\/div><div class=\"fusion-clearfix\"><\/div><\/div><\/div><\/div><\/div><div class=\"fusion-fullwidth fullwidth-box fusion-builder-row-5 nonhundred-percent-fullwidth non-hundred-percent-height-scrolling fusion-equal-height-columns\" style=\"--awb-border-radius-top-left:0px;--awb-border-radius-top-right:0px;--awb-border-radius-bottom-right:0px;--awb-border-radius-bottom-left:0px;--awb-flex-wrap:wrap;\" ><div class=\"fusion-builder-row fusion-row\"><div class=\"fusion-layout-column fusion_builder_column fusion-builder-column-8 fusion_builder_column_1_1 1_1 fusion-one-full fusion-column-first fusion-column-last\" style=\"--awb-bg-size:cover;\"><div class=\"fusion-column-wrapper fusion-column-has-shadow fusion-flex-column-wrapper-legacy\"><div class=\"fusion-text fusion-text-10\"><h2>Elternbildungskalender bestellen<\/h2>\n<\/div><div class=\"fusion-text fusion-text-11\" style=\"--awb-text-transform:none;\"><p>Darinka Ziegler<br \/>\n079 157 36 04<br \/>\n<a href=\"&#x6d;&#x61;&#x69;&#108;&#116;o:&#x73;&#x65;&#x6b;&#114;&#101;ta&#x72;&#x69;&#x61;&#116;&#64;ta&#x67;&#x65;&#x6f;&#46;&#99;h\">&#x73;&#101;k&#x72;&#101;t&#x61;&#x72;&#105;&#x61;&#x74;&#64;t&#x61;&#103;e&#x6f;&#x2e;&#99;&#x68;<\/a><\/p>\n<\/div><div class=\"fusion-clearfix\"><\/div><\/div><\/div><\/div><\/div><\/p>\n","protected":false},"excerpt":{"rendered":"","protected":false},"author":1,"featured_media":0,"parent":0,"menu_order":0,"comment_status":"closed","ping_status":"closed","template":"100-width.php","meta":{"_acf_changed":false,"footnotes":""},"class_list":["post-116","page","type-page","status-publish","hentry"],"yoast_head":"<!-- This site is optimized with the Yoast SEO plugin v25.8 - https:\/\/yoast.com\/wordpress\/plugins\/seo\/ -->\n<title>Elternbildungskalender - Eltern &amp; Bildung<\/title>\n<meta name=\"robots\" content=\"index, follow, max-snippet:-1, max-image-preview:large, max-video-preview:-1\" \/>\n<link rel=\"canonical\" href=\"https:\/\/tageo.ch\/eltern-bildung\/elternbildungskalender\/\" \/>\n<meta property=\"og:locale\" content=\"de_DE\" \/>\n<meta property=\"og:type\" content=\"article\" \/>\n<meta property=\"og:title\" content=\"Elternbildungskalender - Eltern &amp; Bildung\" \/>\n<meta property=\"og:url\" content=\"https:\/\/tageo.ch\/eltern-bildung\/elternbildungskalender\/\" \/>\n<meta property=\"og:site_name\" content=\"Eltern &amp; Bildung\" \/>\n<meta property=\"article:modified_time\" content=\"2024-06-19T06:50:49+00:00\" \/>\n<meta name=\"twitter:card\" content=\"summary_large_image\" \/>\n<meta name=\"twitter:label1\" content=\"Gesch\u00e4tzte Lesezeit\" \/>\n\t<meta name=\"twitter:data1\" content=\"6\u00a0Minuten\" \/>\n<script type=\"application\/ld+json\" class=\"yoast-schema-graph\">{\"@context\":\"https:\/\/schema.org\",\"@graph\":[{\"@type\":\"WebPage\",\"@id\":\"https:\/\/tageo.ch\/eltern-bildung\/elternbildungskalender\/\",\"url\":\"https:\/\/tageo.ch\/eltern-bildung\/elternbildungskalender\/\",\"name\":\"Elternbildungskalender - Eltern &amp; Bildung\",\"isPartOf\":{\"@id\":\"https:\/\/tageo.ch\/eltern-bildung\/#website\"},\"datePublished\":\"2019-10-07T14:45:22+00:00\",\"dateModified\":\"2024-06-19T06:50:49+00:00\",\"breadcrumb\":{\"@id\":\"https:\/\/tageo.ch\/eltern-bildung\/elternbildungskalender\/#breadcrumb\"},\"inLanguage\":\"de\",\"potentialAction\":[{\"@type\":\"ReadAction\",\"target\":[\"https:\/\/tageo.ch\/eltern-bildung\/elternbildungskalender\/\"]}]},{\"@type\":\"BreadcrumbList\",\"@id\":\"https:\/\/tageo.ch\/eltern-bildung\/elternbildungskalender\/#breadcrumb\",\"itemListElement\":[{\"@type\":\"ListItem\",\"position\":1,\"name\":\"Startseite\",\"item\":\"https:\/\/tageo.ch\/eltern-bildung\/\"},{\"@type\":\"ListItem\",\"position\":2,\"name\":\"Elternbildungskalender\"}]},{\"@type\":\"WebSite\",\"@id\":\"https:\/\/tageo.ch\/eltern-bildung\/#website\",\"url\":\"https:\/\/tageo.ch\/eltern-bildung\/\",\"name\":\"Eltern &amp; Bildung\",\"description\":\"Elternbildungskalender\",\"potentialAction\":[{\"@type\":\"SearchAction\",\"target\":{\"@type\":\"EntryPoint\",\"urlTemplate\":\"https:\/\/tageo.ch\/eltern-bildung\/?s={search_term_string}\"},\"query-input\":{\"@type\":\"PropertyValueSpecification\",\"valueRequired\":true,\"valueName\":\"search_term_string\"}}],\"inLanguage\":\"de\"}]}<\/script>\n<!-- \/ Yoast SEO plugin. -->","yoast_head_json":{"title":"Elternbildungskalender - Eltern &amp; Bildung","robots":{"index":"index","follow":"follow","max-snippet":"max-snippet:-1","max-image-preview":"max-image-preview:large","max-video-preview":"max-video-preview:-1"},"canonical":"https:\/\/tageo.ch\/eltern-bildung\/elternbildungskalender\/","og_locale":"de_DE","og_type":"article","og_title":"Elternbildungskalender - Eltern &amp; Bildung","og_url":"https:\/\/tageo.ch\/eltern-bildung\/elternbildungskalender\/","og_site_name":"Eltern &amp; Bildung","article_modified_time":"2024-06-19T06:50:49+00:00","twitter_card":"summary_large_image","twitter_misc":{"Gesch\u00e4tzte Lesezeit":"6\u00a0Minuten"},"schema":{"@context":"https:\/\/schema.org","@graph":[{"@type":"WebPage","@id":"https:\/\/tageo.ch\/eltern-bildung\/elternbildungskalender\/","url":"https:\/\/tageo.ch\/eltern-bildung\/elternbildungskalender\/","name":"Elternbildungskalender - Eltern &amp; Bildung","isPartOf":{"@id":"https:\/\/tageo.ch\/eltern-bildung\/#website"},"datePublished":"2019-10-07T14:45:22+00:00","dateModified":"2024-06-19T06:50:49+00:00","breadcrumb":{"@id":"https:\/\/tageo.ch\/eltern-bildung\/elternbildungskalender\/#breadcrumb"},"inLanguage":"de","potentialAction":[{"@type":"ReadAction","target":["https:\/\/tageo.ch\/eltern-bildung\/elternbildungskalender\/"]}]},{"@type":"BreadcrumbList","@id":"https:\/\/tageo.ch\/eltern-bildung\/elternbildungskalender\/#breadcrumb","itemListElement":[{"@type":"ListItem","position":1,"name":"Startseite","item":"https:\/\/tageo.ch\/eltern-bildung\/"},{"@type":"ListItem","position":2,"name":"Elternbildungskalender"}]},{"@type":"WebSite","@id":"https:\/\/tageo.ch\/eltern-bildung\/#website","url":"https:\/\/tageo.ch\/eltern-bildung\/","name":"Eltern &amp; Bildung","description":"Elternbildungskalender","potentialAction":[{"@type":"SearchAction","target":{"@type":"EntryPoint","urlTemplate":"https:\/\/tageo.ch\/eltern-bildung\/?s={search_term_string}"},"query-input":{"@type":"PropertyValueSpecification","valueRequired":true,"valueName":"search_term_string"}}],"inLanguage":"de"}]}},"acf":[],"_links":{"self":[{"href":"https:\/\/tageo.ch\/eltern-bildung\/wp-json\/wp\/v2\/pages\/116","targetHints":{"allow":["GET"]}}],"collection":[{"href":"https:\/\/tageo.ch\/eltern-bildung\/wp-json\/wp\/v2\/pages"}],"about":[{"href":"https:\/\/tageo.ch\/eltern-bildung\/wp-json\/wp\/v2\/types\/page"}],"author":[{"embeddable":true,"href":"https:\/\/tageo.ch\/eltern-bildung\/wp-json\/wp\/v2\/users\/1"}],"replies":[{"embeddable":true,"href":"https:\/\/tageo.ch\/eltern-bildung\/wp-json\/wp\/v2\/comments?post=116"}],"version-history":[{"count":24,"href":"https:\/\/tageo.ch\/eltern-bildung\/wp-json\/wp\/v2\/pages\/116\/revisions"}],"predecessor-version":[{"id":3697,"href":"https:\/\/tageo.ch\/eltern-bildung\/wp-json\/wp\/v2\/pages\/116\/revisions\/3697"}],"wp:attachment":[{"href":"https:\/\/tageo.ch\/eltern-bildung\/wp-json\/wp\/v2\/media?parent=116"}],"curies":[{"name":"wp","href":"https:\/\/api.w.org\/{rel}","templated":true}]}}