{"id":192,"date":"2019-10-08T11:03:41","date_gmt":"2019-10-08T09:03:41","guid":{"rendered":"https:\/\/tageo.ch\/eltern-bildung\/?page_id=192"},"modified":"2022-11-03T08:24:52","modified_gmt":"2022-11-03T07:24:52","slug":"kurse-bewerten","status":"publish","type":"page","link":"https:\/\/tageo.ch\/eltern-bildung\/kurse-bewerten\/","title":{"rendered":"Kurse bewerten"},"content":{"rendered":"<p><div class=\"fusion-fullwidth fullwidth-box fusion-builder-row-1 fusion-parallax-none subpage_header_image nonhundred-percent-fullwidth non-hundred-percent-height-scrolling\" style=\"--awb-border-radius-top-left:0px;--awb-border-radius-top-right:0px;--awb-border-radius-bottom-right:0px;--awb-border-radius-bottom-left:0px;--awb-background-image:url(&quot;https:\/\/tageo.ch\/eltern-bildung\/wp-content\/uploads\/sites\/4\/2019\/10\/tageo_subpage_header_6.jpg&quot;);--awb-background-size:cover;--awb-flex-wrap:wrap;\" ><div class=\"fusion-builder-row fusion-row\"><\/div><\/div><div class=\"fusion-fullwidth fullwidth-box fusion-builder-row-2 container_individual_bg_color nonhundred-percent-fullwidth non-hundred-percent-height-scrolling\" style=\"--awb-border-radius-top-left:0px;--awb-border-radius-top-right:0px;--awb-border-radius-bottom-right:0px;--awb-border-radius-bottom-left:0px;--awb-flex-wrap:wrap;\" ><div class=\"fusion-builder-row fusion-row\"><div class=\"fusion-layout-column fusion_builder_column fusion-builder-column-0 fusion_builder_column_1_1 1_1 fusion-one-full fusion-column-first fusion-column-last\" style=\"--awb-bg-size:cover;\"><div class=\"fusion-column-wrapper fusion-column-has-shadow fusion-flex-column-wrapper-legacy\"><div class=\"fusion-fa-align-center\"><i class=\"fb-icon-element-1 fb-icon-element fontawesome-icon fa-users fas circle-no intro_top_icon\" style=\"--awb-iconcolor:#f39200;--awb-iconcolor-hover:#f39200;--awb-font-size:40px;\"><\/i><\/div><div class=\"fusion-text fusion-text-1\"><h1 style=\"text-align: center;\">Kurse bewerten<\/h1>\n<p style=\"text-align: center;\">Habe Sie einen eine Elternbildungsveranstaltung aus unserem Kalenderangebot besucht?<br \/>\nIhre Meinung interessiert uns!<\/p>\n<\/div><div class=\"fusion-sep-clear\"><\/div><div class=\"fusion-separator fusion-full-width-sep\" style=\"margin-left: auto;margin-right: auto;margin-top:30px;width:100%;max-width:100%;\"><\/div><div class=\"fusion-sep-clear\"><\/div><div class=\"fusion-align-block\"><a class=\"fusion-button button-flat fusion-button-default-size button-default fusion-button-default button-1 fusion-button-default-span fusion-button-default-type\" style=\"width:calc(100%);\" target=\"_blank\" rel=\"noopener noreferrer\" href=\"https:\/\/docs.google.com\/forms\/d\/1JkjQUXfFu5cRwFFJK3VgJt21inAbtVk7VgZal_-ReOE\/edit\"><span class=\"fusion-button-text awb-button__text awb-button__text--default\">Zur Umfrage<\/span><\/a><\/div><div class=\"fusion-clearfix\"><\/div><\/div><\/div><\/div><\/div><div class=\"fusion-fullwidth fullwidth-box fusion-builder-row-3 nonhundred-percent-fullwidth non-hundred-percent-height-scrolling\" style=\"--awb-border-radius-top-left:0px;--awb-border-radius-top-right:0px;--awb-border-radius-bottom-right:0px;--awb-border-radius-bottom-left:0px;--awb-flex-wrap:wrap;\" ><div class=\"fusion-builder-row fusion-row\"><div class=\"fusion-layout-column fusion_builder_column fusion-builder-column-1 fusion_builder_column_1_1 1_1 fusion-one-full fusion-column-first fusion-column-last\" style=\"--awb-bg-size:cover;\"><div class=\"fusion-column-wrapper fusion-column-has-shadow fusion-flex-column-wrapper-legacy\"><div class=\"fusion-fa-align-left\"><i class=\"fb-icon-element-2 fb-icon-element fontawesome-icon fa-smile far circle-no title_icon\" style=\"--awb-iconcolor:#f39200;--awb-iconcolor-hover:#f39200;--awb-font-size:35px;--awb-margin-right:17.5px;\"><\/i><\/div><div class=\"fusion-text fusion-text-2\"><h2>Vielen Dank f\u00fcr Ihre Bewertung<\/h2>\n<\/div><div class=\"fusion-clearfix\"><\/div><\/div><\/div><div class=\"fusion-layout-column fusion_builder_column fusion-builder-column-2 fusion_builder_column_1_1 1_1 fusion-one-full fusion-column-first fusion-column-last\" style=\"--awb-bg-size:cover;\"><div class=\"fusion-column-wrapper fusion-column-has-shadow fusion-flex-column-wrapper-legacy\"><div class=\"fusion-text fusion-text-3\" style=\"--awb-text-transform:none;\"><p>Wir freuen uns \u00fcber R\u00fcckmeldungen zu Veranstaltungen aus unserem Elternbildungskalender. Sie unterst\u00fctzen uns damit in unseren Bem\u00fchungen, erfolgreiche Elternbildung zu f\u00f6rdern, weiter zu verbreiten, das Angebot bedarfsentsprechend weiter zu entwickeln und die Anerkennung und Unterst\u00fctzung der Elternbildung weiter voranzutreiben. Ihre R\u00fcckmeldung hilft uns die Elternbildung im Kanton Thurgau nachhaltig zu gestalten.<\/p>\n<p>F\u00fcr Ihre Bem\u00fchungen und Mithilfe danken wir Ihnen.<\/p>\n<p><strong>Darinka Ziegler<\/strong><\/p>\n<p><a href=\"tel:+41791573604\">079 157 36 04<\/a><br \/>\n<a href=\"m&#97;&#x69;&#x6c;t&#111;&#x3a;&#x73;e&#107;&#x72;&#x65;t&#97;&#x72;&#x69;a&#116;&#x40;&#x74;a&#103;&#101;&#x6f;&#x2e;c&#104;\">s&#101;&#x6b;&#x72;&#x65;t&#97;&#114;&#x69;&#x61;t&#64;&#116;&#x61;&#x67;eo&#46;&#x63;&#x68;<\/a><\/p>\n<\/div><div class=\"fusion-clearfix\"><\/div><\/div><\/div><\/div><\/div><\/p>\n","protected":false},"excerpt":{"rendered":"","protected":false},"author":1,"featured_media":0,"parent":0,"menu_order":0,"comment_status":"closed","ping_status":"closed","template":"100-width.php","meta":{"_acf_changed":false,"footnotes":""},"class_list":["post-192","page","type-page","status-publish","hentry"],"yoast_head":"<!-- This site is optimized with the Yoast SEO plugin v25.8 - https:\/\/yoast.com\/wordpress\/plugins\/seo\/ -->\n<title>Kurse bewerten - Eltern &amp; Bildung<\/title>\n<meta name=\"robots\" content=\"index, follow, max-snippet:-1, max-image-preview:large, max-video-preview:-1\" \/>\n<link rel=\"canonical\" href=\"https:\/\/tageo.ch\/eltern-bildung\/kurse-bewerten\/\" \/>\n<meta property=\"og:locale\" content=\"de_DE\" \/>\n<meta property=\"og:type\" content=\"article\" \/>\n<meta property=\"og:title\" content=\"Kurse bewerten - Eltern &amp; Bildung\" \/>\n<meta property=\"og:url\" content=\"https:\/\/tageo.ch\/eltern-bildung\/kurse-bewerten\/\" \/>\n<meta property=\"og:site_name\" content=\"Eltern &amp; Bildung\" \/>\n<meta property=\"article:modified_time\" content=\"2022-11-03T07:24:52+00:00\" \/>\n<meta name=\"twitter:card\" content=\"summary_large_image\" \/>\n<meta name=\"twitter:label1\" content=\"Gesch\u00e4tzte Lesezeit\" \/>\n\t<meta name=\"twitter:data1\" content=\"3\u00a0Minuten\" \/>\n<script type=\"application\/ld+json\" class=\"yoast-schema-graph\">{\"@context\":\"https:\/\/schema.org\",\"@graph\":[{\"@type\":\"WebPage\",\"@id\":\"https:\/\/tageo.ch\/eltern-bildung\/kurse-bewerten\/\",\"url\":\"https:\/\/tageo.ch\/eltern-bildung\/kurse-bewerten\/\",\"name\":\"Kurse bewerten - Eltern &amp; Bildung\",\"isPartOf\":{\"@id\":\"https:\/\/tageo.ch\/eltern-bildung\/#website\"},\"datePublished\":\"2019-10-08T09:03:41+00:00\",\"dateModified\":\"2022-11-03T07:24:52+00:00\",\"breadcrumb\":{\"@id\":\"https:\/\/tageo.ch\/eltern-bildung\/kurse-bewerten\/#breadcrumb\"},\"inLanguage\":\"de\",\"potentialAction\":[{\"@type\":\"ReadAction\",\"target\":[\"https:\/\/tageo.ch\/eltern-bildung\/kurse-bewerten\/\"]}]},{\"@type\":\"BreadcrumbList\",\"@id\":\"https:\/\/tageo.ch\/eltern-bildung\/kurse-bewerten\/#breadcrumb\",\"itemListElement\":[{\"@type\":\"ListItem\",\"position\":1,\"name\":\"Startseite\",\"item\":\"https:\/\/tageo.ch\/eltern-bildung\/\"},{\"@type\":\"ListItem\",\"position\":2,\"name\":\"Kurse bewerten\"}]},{\"@type\":\"WebSite\",\"@id\":\"https:\/\/tageo.ch\/eltern-bildung\/#website\",\"url\":\"https:\/\/tageo.ch\/eltern-bildung\/\",\"name\":\"Eltern &amp; Bildung\",\"description\":\"Elternbildungskalender\",\"potentialAction\":[{\"@type\":\"SearchAction\",\"target\":{\"@type\":\"EntryPoint\",\"urlTemplate\":\"https:\/\/tageo.ch\/eltern-bildung\/?s={search_term_string}\"},\"query-input\":{\"@type\":\"PropertyValueSpecification\",\"valueRequired\":true,\"valueName\":\"search_term_string\"}}],\"inLanguage\":\"de\"}]}<\/script>\n<!-- \/ Yoast SEO plugin. -->","yoast_head_json":{"title":"Kurse bewerten - Eltern &amp; Bildung","robots":{"index":"index","follow":"follow","max-snippet":"max-snippet:-1","max-image-preview":"max-image-preview:large","max-video-preview":"max-video-preview:-1"},"canonical":"https:\/\/tageo.ch\/eltern-bildung\/kurse-bewerten\/","og_locale":"de_DE","og_type":"article","og_title":"Kurse bewerten - Eltern &amp; Bildung","og_url":"https:\/\/tageo.ch\/eltern-bildung\/kurse-bewerten\/","og_site_name":"Eltern &amp; Bildung","article_modified_time":"2022-11-03T07:24:52+00:00","twitter_card":"summary_large_image","twitter_misc":{"Gesch\u00e4tzte Lesezeit":"3\u00a0Minuten"},"schema":{"@context":"https:\/\/schema.org","@graph":[{"@type":"WebPage","@id":"https:\/\/tageo.ch\/eltern-bildung\/kurse-bewerten\/","url":"https:\/\/tageo.ch\/eltern-bildung\/kurse-bewerten\/","name":"Kurse bewerten - Eltern &amp; Bildung","isPartOf":{"@id":"https:\/\/tageo.ch\/eltern-bildung\/#website"},"datePublished":"2019-10-08T09:03:41+00:00","dateModified":"2022-11-03T07:24:52+00:00","breadcrumb":{"@id":"https:\/\/tageo.ch\/eltern-bildung\/kurse-bewerten\/#breadcrumb"},"inLanguage":"de","potentialAction":[{"@type":"ReadAction","target":["https:\/\/tageo.ch\/eltern-bildung\/kurse-bewerten\/"]}]},{"@type":"BreadcrumbList","@id":"https:\/\/tageo.ch\/eltern-bildung\/kurse-bewerten\/#breadcrumb","itemListElement":[{"@type":"ListItem","position":1,"name":"Startseite","item":"https:\/\/tageo.ch\/eltern-bildung\/"},{"@type":"ListItem","position":2,"name":"Kurse bewerten"}]},{"@type":"WebSite","@id":"https:\/\/tageo.ch\/eltern-bildung\/#website","url":"https:\/\/tageo.ch\/eltern-bildung\/","name":"Eltern &amp; Bildung","description":"Elternbildungskalender","potentialAction":[{"@type":"SearchAction","target":{"@type":"EntryPoint","urlTemplate":"https:\/\/tageo.ch\/eltern-bildung\/?s={search_term_string}"},"query-input":{"@type":"PropertyValueSpecification","valueRequired":true,"valueName":"search_term_string"}}],"inLanguage":"de"}]}},"acf":[],"_links":{"self":[{"href":"https:\/\/tageo.ch\/eltern-bildung\/wp-json\/wp\/v2\/pages\/192","targetHints":{"allow":["GET"]}}],"collection":[{"href":"https:\/\/tageo.ch\/eltern-bildung\/wp-json\/wp\/v2\/pages"}],"about":[{"href":"https:\/\/tageo.ch\/eltern-bildung\/wp-json\/wp\/v2\/types\/page"}],"author":[{"embeddable":true,"href":"https:\/\/tageo.ch\/eltern-bildung\/wp-json\/wp\/v2\/users\/1"}],"replies":[{"embeddable":true,"href":"https:\/\/tageo.ch\/eltern-bildung\/wp-json\/wp\/v2\/comments?post=192"}],"version-history":[{"count":17,"href":"https:\/\/tageo.ch\/eltern-bildung\/wp-json\/wp\/v2\/pages\/192\/revisions"}],"predecessor-version":[{"id":2893,"href":"https:\/\/tageo.ch\/eltern-bildung\/wp-json\/wp\/v2\/pages\/192\/revisions\/2893"}],"wp:attachment":[{"href":"https:\/\/tageo.ch\/eltern-bildung\/wp-json\/wp\/v2\/media?parent=192"}],"curies":[{"name":"wp","href":"https:\/\/api.w.org\/{rel}","templated":true}]}}